{"id":360,"date":"2025-08-03T06:48:11","date_gmt":"2025-08-03T06:48:11","guid":{"rendered":"https:\/\/ycn54.fr\/?page_id=360"},"modified":"2025-08-03T08:50:50","modified_gmt":"2025-08-03T08:50:50","slug":"evenements","status":"publish","type":"page","link":"https:\/\/ycn54.fr\/index.php\/evenements\/","title":{"rendered":"Ev\u00e8nements"},"content":{"rendered":"\n<h2 class=\"wp-block-heading has-text-align-left\"><strong>Accueil de la MJC Dieuze D\u00e9couverte de la voile 31\/07\/2025<\/strong><\/h2>\n\n\n\n<blockquote class=\"wp-block-quote is-layout-flow wp-block-quote-is-layout-flow\">\n<p class=\"has-text-align-left\"><strong>N<\/strong>ous avons accueilli la cellule animation familles de la Maison des Jeunes et de la Culture de Dieuze pour une journ\u00e9e de d\u00e9couverte du Lac Vert et des activit\u00e9s nautiques du club avec Sandra Thirion, encadrante, et ses coll\u00e8gues.<\/p>\n\n\n\n<p class=\"has-text-align-left\">Au programme catamaran, d\u00e9riveur, cano\u00eb, paddle, pique nique dans une tr\u00e8s bonne ambiance et la s\u00e9curit\u00e9.<\/p>\n\n\n\n<p class=\"has-text-align-left\">un bon moment partag\u00e9 au sein du YCN54 <\/p>\n\n\n\n<p class=\"has-text-align-left\"><a href=\"https:\/\/www.mjc-dieuze.fr.\">https:\/\/www.mjc-dieuze.fr<\/a><\/p>\n<\/blockquote>\n\n\n\n<figure class=\"wp-block-gallery has-nested-images columns-default is-cropped wp-block-gallery-1 is-layout-flex wp-block-gallery-is-layout-flex\">\n<figure class=\"wp-block-image size-large\"><img loading=\"lazy\" decoding=\"async\" width=\"1024\" height=\"768\" data-id=\"352\" src=\"https:\/\/ycn54.fr\/wp-content\/uploads\/2025\/08\/e8c9bc46-eb85-464f-818b-0a37d60ffb21-1024x768.jpg\" alt=\"\" class=\"wp-image-352\" srcset=\"https:\/\/ycn54.fr\/wp-content\/uploads\/2025\/08\/e8c9bc46-eb85-464f-818b-0a37d60ffb21-1024x768.jpg 1024w, https:\/\/ycn54.fr\/wp-content\/uploads\/2025\/08\/e8c9bc46-eb85-464f-818b-0a37d60ffb21-300x225.jpg 300w, https:\/\/ycn54.fr\/wp-content\/uploads\/2025\/08\/e8c9bc46-eb85-464f-818b-0a37d60ffb21-768x576.jpg 768w, https:\/\/ycn54.fr\/wp-content\/uploads\/2025\/08\/e8c9bc46-eb85-464f-818b-0a37d60ffb21-1536x1152.jpg 1536w, https:\/\/ycn54.fr\/wp-content\/uploads\/2025\/08\/e8c9bc46-eb85-464f-818b-0a37d60ffb21.jpg 2040w\" sizes=\"auto, (max-width: 1024px) 100vw, 1024px\" \/><\/figure>\n\n\n\n<figure class=\"wp-block-image size-large\"><img loading=\"lazy\" decoding=\"async\" width=\"768\" height=\"1024\" data-id=\"350\" src=\"https:\/\/ycn54.fr\/wp-content\/uploads\/2025\/08\/93decda2-7d35-4f84-82e9-c05906c28f66-768x1024.jpg\" alt=\"\" class=\"wp-image-350\" srcset=\"https:\/\/ycn54.fr\/wp-content\/uploads\/2025\/08\/93decda2-7d35-4f84-82e9-c05906c28f66-768x1024.jpg 768w, https:\/\/ycn54.fr\/wp-content\/uploads\/2025\/08\/93decda2-7d35-4f84-82e9-c05906c28f66-225x300.jpg 225w, https:\/\/ycn54.fr\/wp-content\/uploads\/2025\/08\/93decda2-7d35-4f84-82e9-c05906c28f66-1152x1536.jpg 1152w, https:\/\/ycn54.fr\/wp-content\/uploads\/2025\/08\/93decda2-7d35-4f84-82e9-c05906c28f66.jpg 1530w\" sizes=\"auto, (max-width: 768px) 100vw, 768px\" \/><\/figure>\n\n\n\n<figure class=\"wp-block-image size-large\"><img loading=\"lazy\" decoding=\"async\" width=\"768\" height=\"1024\" data-id=\"351\" src=\"https:\/\/ycn54.fr\/wp-content\/uploads\/2025\/08\/eae4d229-199d-4744-95e4-e55aa6c61f88-768x1024.jpg\" alt=\"\" class=\"wp-image-351\" srcset=\"https:\/\/ycn54.fr\/wp-content\/uploads\/2025\/08\/eae4d229-199d-4744-95e4-e55aa6c61f88-768x1024.jpg 768w, https:\/\/ycn54.fr\/wp-content\/uploads\/2025\/08\/eae4d229-199d-4744-95e4-e55aa6c61f88-225x300.jpg 225w, https:\/\/ycn54.fr\/wp-content\/uploads\/2025\/08\/eae4d229-199d-4744-95e4-e55aa6c61f88-1152x1536.jpg 1152w, https:\/\/ycn54.fr\/wp-content\/uploads\/2025\/08\/eae4d229-199d-4744-95e4-e55aa6c61f88.jpg 1530w\" sizes=\"auto, (max-width: 768px) 100vw, 768px\" \/><\/figure>\n\n\n\n<figure class=\"wp-block-image size-large\"><img loading=\"lazy\" decoding=\"async\" width=\"768\" height=\"1024\" data-id=\"348\" src=\"https:\/\/ycn54.fr\/wp-content\/uploads\/2025\/08\/1998a4c0-85c1-4ba8-9718-c69c5f6c20e7-768x1024.jpg\" alt=\"\" class=\"wp-image-348\" srcset=\"https:\/\/ycn54.fr\/wp-content\/uploads\/2025\/08\/1998a4c0-85c1-4ba8-9718-c69c5f6c20e7-768x1024.jpg 768w, https:\/\/ycn54.fr\/wp-content\/uploads\/2025\/08\/1998a4c0-85c1-4ba8-9718-c69c5f6c20e7-225x300.jpg 225w, https:\/\/ycn54.fr\/wp-content\/uploads\/2025\/08\/1998a4c0-85c1-4ba8-9718-c69c5f6c20e7-1152x1536.jpg 1152w, https:\/\/ycn54.fr\/wp-content\/uploads\/2025\/08\/1998a4c0-85c1-4ba8-9718-c69c5f6c20e7.jpg 1500w\" sizes=\"auto, (max-width: 768px) 100vw, 768px\" \/><\/figure>\n\n\n\n<figure class=\"wp-block-image size-large\"><img loading=\"lazy\" decoding=\"async\" width=\"768\" height=\"1024\" data-id=\"349\" src=\"https:\/\/ycn54.fr\/wp-content\/uploads\/2025\/08\/bba5d0e8-3240-4326-9fff-d2191a0da8e9-768x1024.jpg\" alt=\"\" class=\"wp-image-349\" srcset=\"https:\/\/ycn54.fr\/wp-content\/uploads\/2025\/08\/bba5d0e8-3240-4326-9fff-d2191a0da8e9-768x1024.jpg 768w, https:\/\/ycn54.fr\/wp-content\/uploads\/2025\/08\/bba5d0e8-3240-4326-9fff-d2191a0da8e9-225x300.jpg 225w, https:\/\/ycn54.fr\/wp-content\/uploads\/2025\/08\/bba5d0e8-3240-4326-9fff-d2191a0da8e9-1152x1536.jpg 1152w, https:\/\/ycn54.fr\/wp-content\/uploads\/2025\/08\/bba5d0e8-3240-4326-9fff-d2191a0da8e9.jpg 1530w\" sizes=\"auto, (max-width: 768px) 100vw, 768px\" \/><\/figure>\n\n\n\n<figure class=\"wp-block-image size-large\"><img loading=\"lazy\" decoding=\"async\" width=\"768\" height=\"1024\" data-id=\"347\" src=\"https:\/\/ycn54.fr\/wp-content\/uploads\/2025\/08\/4968a311-1d61-4edc-8738-6a89ba62eeaf-768x1024.jpg\" alt=\"\" class=\"wp-image-347\" srcset=\"https:\/\/ycn54.fr\/wp-content\/uploads\/2025\/08\/4968a311-1d61-4edc-8738-6a89ba62eeaf-768x1024.jpg 768w, https:\/\/ycn54.fr\/wp-content\/uploads\/2025\/08\/4968a311-1d61-4edc-8738-6a89ba62eeaf-225x300.jpg 225w, https:\/\/ycn54.fr\/wp-content\/uploads\/2025\/08\/4968a311-1d61-4edc-8738-6a89ba62eeaf-1152x1536.jpg 1152w, https:\/\/ycn54.fr\/wp-content\/uploads\/2025\/08\/4968a311-1d61-4edc-8738-6a89ba62eeaf.jpg 1530w\" sizes=\"auto, (max-width: 768px) 100vw, 768px\" \/><\/figure>\n\n\n\n<figure class=\"wp-block-image size-large\"><img loading=\"lazy\" decoding=\"async\" width=\"1024\" height=\"768\" data-id=\"345\" src=\"https:\/\/ycn54.fr\/wp-content\/uploads\/2025\/08\/IMG_9454-1024x768.jpeg\" alt=\"\" class=\"wp-image-345\" srcset=\"https:\/\/ycn54.fr\/wp-content\/uploads\/2025\/08\/IMG_9454-1024x768.jpeg 1024w, https:\/\/ycn54.fr\/wp-content\/uploads\/2025\/08\/IMG_9454-300x225.jpeg 300w, https:\/\/ycn54.fr\/wp-content\/uploads\/2025\/08\/IMG_9454-768x576.jpeg 768w, https:\/\/ycn54.fr\/wp-content\/uploads\/2025\/08\/IMG_9454-1536x1152.jpeg 1536w, https:\/\/ycn54.fr\/wp-content\/uploads\/2025\/08\/IMG_9454-2048x1536.jpeg 2048w\" sizes=\"auto, (max-width: 1024px) 100vw, 1024px\" \/><\/figure>\n\n\n\n<figure class=\"wp-block-image size-large\"><img loading=\"lazy\" decoding=\"async\" width=\"1024\" height=\"768\" data-id=\"344\" src=\"https:\/\/ycn54.fr\/wp-content\/uploads\/2025\/08\/a718c09f-6d68-4979-ab90-50b526311f81-1024x768.jpg\" alt=\"\" class=\"wp-image-344\" srcset=\"https:\/\/ycn54.fr\/wp-content\/uploads\/2025\/08\/a718c09f-6d68-4979-ab90-50b526311f81-1024x768.jpg 1024w, https:\/\/ycn54.fr\/wp-content\/uploads\/2025\/08\/a718c09f-6d68-4979-ab90-50b526311f81-300x225.jpg 300w, https:\/\/ycn54.fr\/wp-content\/uploads\/2025\/08\/a718c09f-6d68-4979-ab90-50b526311f81-768x576.jpg 768w, https:\/\/ycn54.fr\/wp-content\/uploads\/2025\/08\/a718c09f-6d68-4979-ab90-50b526311f81-1536x1152.jpg 1536w, https:\/\/ycn54.fr\/wp-content\/uploads\/2025\/08\/a718c09f-6d68-4979-ab90-50b526311f81-2048x1536.jpg 2048w\" sizes=\"auto, (max-width: 1024px) 100vw, 1024px\" \/><\/figure>\n\n\n\n<figure class=\"wp-block-image size-large\"><img loading=\"lazy\" decoding=\"async\" width=\"1024\" height=\"768\" data-id=\"343\" src=\"https:\/\/ycn54.fr\/wp-content\/uploads\/2025\/08\/ada5cf5d-2e85-4234-9320-ff095a103f87-1024x768.jpg\" alt=\"\" class=\"wp-image-343\" srcset=\"https:\/\/ycn54.fr\/wp-content\/uploads\/2025\/08\/ada5cf5d-2e85-4234-9320-ff095a103f87-1024x768.jpg 1024w, https:\/\/ycn54.fr\/wp-content\/uploads\/2025\/08\/ada5cf5d-2e85-4234-9320-ff095a103f87-300x225.jpg 300w, https:\/\/ycn54.fr\/wp-content\/uploads\/2025\/08\/ada5cf5d-2e85-4234-9320-ff095a103f87-768x576.jpg 768w, https:\/\/ycn54.fr\/wp-content\/uploads\/2025\/08\/ada5cf5d-2e85-4234-9320-ff095a103f87-1536x1152.jpg 1536w, https:\/\/ycn54.fr\/wp-content\/uploads\/2025\/08\/ada5cf5d-2e85-4234-9320-ff095a103f87-2048x1536.jpg 2048w\" sizes=\"auto, (max-width: 1024px) 100vw, 1024px\" \/><\/figure>\n\n\n\n<figure class=\"wp-block-image size-large\"><img loading=\"lazy\" decoding=\"async\" width=\"1024\" height=\"768\" data-id=\"342\" src=\"https:\/\/ycn54.fr\/wp-content\/uploads\/2025\/08\/29f9948a-daa5-453e-96fd-0ec62377df0a-1024x768.jpg\" alt=\"\" class=\"wp-image-342\" srcset=\"https:\/\/ycn54.fr\/wp-content\/uploads\/2025\/08\/29f9948a-daa5-453e-96fd-0ec62377df0a-1024x768.jpg 1024w, https:\/\/ycn54.fr\/wp-content\/uploads\/2025\/08\/29f9948a-daa5-453e-96fd-0ec62377df0a-300x225.jpg 300w, https:\/\/ycn54.fr\/wp-content\/uploads\/2025\/08\/29f9948a-daa5-453e-96fd-0ec62377df0a-768x576.jpg 768w, https:\/\/ycn54.fr\/wp-content\/uploads\/2025\/08\/29f9948a-daa5-453e-96fd-0ec62377df0a-1536x1152.jpg 1536w, https:\/\/ycn54.fr\/wp-content\/uploads\/2025\/08\/29f9948a-daa5-453e-96fd-0ec62377df0a-2048x1536.jpg 2048w\" sizes=\"auto, (max-width: 1024px) 100vw, 1024px\" \/><\/figure>\n\n\n\n<figure class=\"wp-block-image size-large\"><img loading=\"lazy\" decoding=\"async\" width=\"768\" height=\"1024\" data-id=\"341\" src=\"https:\/\/ycn54.fr\/wp-content\/uploads\/2025\/08\/baea88a9-28cb-43c4-8160-2d08444a9d25-768x1024.jpg\" alt=\"\" class=\"wp-image-341\" srcset=\"https:\/\/ycn54.fr\/wp-content\/uploads\/2025\/08\/baea88a9-28cb-43c4-8160-2d08444a9d25-768x1024.jpg 768w, https:\/\/ycn54.fr\/wp-content\/uploads\/2025\/08\/baea88a9-28cb-43c4-8160-2d08444a9d25-225x300.jpg 225w, https:\/\/ycn54.fr\/wp-content\/uploads\/2025\/08\/baea88a9-28cb-43c4-8160-2d08444a9d25-1152x1536.jpg 1152w, https:\/\/ycn54.fr\/wp-content\/uploads\/2025\/08\/baea88a9-28cb-43c4-8160-2d08444a9d25-1536x2048.jpg 1536w, https:\/\/ycn54.fr\/wp-content\/uploads\/2025\/08\/baea88a9-28cb-43c4-8160-2d08444a9d25-scaled.jpg 1920w\" sizes=\"auto, (max-width: 768px) 100vw, 768px\" \/><\/figure>\n\n\n\n<figure class=\"wp-block-image size-large\"><img loading=\"lazy\" decoding=\"async\" width=\"768\" height=\"1024\" data-id=\"340\" src=\"https:\/\/ycn54.fr\/wp-content\/uploads\/2025\/08\/88ae087b-3962-4b42-92a5-23906aba3e9e-768x1024.jpg\" alt=\"\" class=\"wp-image-340\" srcset=\"https:\/\/ycn54.fr\/wp-content\/uploads\/2025\/08\/88ae087b-3962-4b42-92a5-23906aba3e9e-768x1024.jpg 768w, https:\/\/ycn54.fr\/wp-content\/uploads\/2025\/08\/88ae087b-3962-4b42-92a5-23906aba3e9e-225x300.jpg 225w, https:\/\/ycn54.fr\/wp-content\/uploads\/2025\/08\/88ae087b-3962-4b42-92a5-23906aba3e9e-1152x1536.jpg 1152w, https:\/\/ycn54.fr\/wp-content\/uploads\/2025\/08\/88ae087b-3962-4b42-92a5-23906aba3e9e-1536x2048.jpg 1536w, https:\/\/ycn54.fr\/wp-content\/uploads\/2025\/08\/88ae087b-3962-4b42-92a5-23906aba3e9e-scaled.jpg 1920w\" sizes=\"auto, (max-width: 768px) 100vw, 768px\" \/><\/figure>\n\n\n\n<figure class=\"wp-block-image size-large\"><img loading=\"lazy\" decoding=\"async\" width=\"1024\" height=\"768\" data-id=\"339\" src=\"https:\/\/ycn54.fr\/wp-content\/uploads\/2025\/08\/c5bef935-fa1f-4442-a7c7-8b08a706ce98-1024x768.jpg\" alt=\"\" class=\"wp-image-339\" srcset=\"https:\/\/ycn54.fr\/wp-content\/uploads\/2025\/08\/c5bef935-fa1f-4442-a7c7-8b08a706ce98-1024x768.jpg 1024w, https:\/\/ycn54.fr\/wp-content\/uploads\/2025\/08\/c5bef935-fa1f-4442-a7c7-8b08a706ce98-300x225.jpg 300w, https:\/\/ycn54.fr\/wp-content\/uploads\/2025\/08\/c5bef935-fa1f-4442-a7c7-8b08a706ce98-768x576.jpg 768w, https:\/\/ycn54.fr\/wp-content\/uploads\/2025\/08\/c5bef935-fa1f-4442-a7c7-8b08a706ce98-1536x1152.jpg 1536w, https:\/\/ycn54.fr\/wp-content\/uploads\/2025\/08\/c5bef935-fa1f-4442-a7c7-8b08a706ce98-2048x1536.jpg 2048w\" sizes=\"auto, (max-width: 1024px) 100vw, 1024px\" \/><\/figure>\n\n\n\n<figure class=\"wp-block-image size-large\"><img loading=\"lazy\" decoding=\"async\" width=\"1024\" height=\"768\" data-id=\"338\" src=\"https:\/\/ycn54.fr\/wp-content\/uploads\/2025\/08\/IMG_9447-1024x768.jpeg\" alt=\"\" class=\"wp-image-338\" srcset=\"https:\/\/ycn54.fr\/wp-content\/uploads\/2025\/08\/IMG_9447-1024x768.jpeg 1024w, https:\/\/ycn54.fr\/wp-content\/uploads\/2025\/08\/IMG_9447-300x225.jpeg 300w, https:\/\/ycn54.fr\/wp-content\/uploads\/2025\/08\/IMG_9447-768x576.jpeg 768w, https:\/\/ycn54.fr\/wp-content\/uploads\/2025\/08\/IMG_9447-1536x1152.jpeg 1536w, https:\/\/ycn54.fr\/wp-content\/uploads\/2025\/08\/IMG_9447-2048x1536.jpeg 2048w\" sizes=\"auto, (max-width: 1024px) 100vw, 1024px\" \/><\/figure>\n\n\n\n<figure class=\"wp-block-image size-large\"><img loading=\"lazy\" decoding=\"async\" width=\"768\" height=\"1024\" data-id=\"336\" src=\"https:\/\/ycn54.fr\/wp-content\/uploads\/2025\/08\/IMG_9444-768x1024.jpeg\" alt=\"\" class=\"wp-image-336\" srcset=\"https:\/\/ycn54.fr\/wp-content\/uploads\/2025\/08\/IMG_9444-768x1024.jpeg 768w, https:\/\/ycn54.fr\/wp-content\/uploads\/2025\/08\/IMG_9444-225x300.jpeg 225w, https:\/\/ycn54.fr\/wp-content\/uploads\/2025\/08\/IMG_9444-1152x1536.jpeg 1152w, https:\/\/ycn54.fr\/wp-content\/uploads\/2025\/08\/IMG_9444-1536x2048.jpeg 1536w, https:\/\/ycn54.fr\/wp-content\/uploads\/2025\/08\/IMG_9444-scaled.jpeg 1920w\" sizes=\"auto, (max-width: 768px) 100vw, 768px\" \/><\/figure>\n\n\n\n<figure class=\"wp-block-image size-large\"><img loading=\"lazy\" decoding=\"async\" width=\"1024\" height=\"768\" data-id=\"335\" src=\"https:\/\/ycn54.fr\/wp-content\/uploads\/2025\/08\/IMG_9445-1024x768.jpeg\" alt=\"\" class=\"wp-image-335\" srcset=\"https:\/\/ycn54.fr\/wp-content\/uploads\/2025\/08\/IMG_9445-1024x768.jpeg 1024w, https:\/\/ycn54.fr\/wp-content\/uploads\/2025\/08\/IMG_9445-300x225.jpeg 300w, https:\/\/ycn54.fr\/wp-content\/uploads\/2025\/08\/IMG_9445-768x576.jpeg 768w, https:\/\/ycn54.fr\/wp-content\/uploads\/2025\/08\/IMG_9445-1536x1152.jpeg 1536w, https:\/\/ycn54.fr\/wp-content\/uploads\/2025\/08\/IMG_9445-2048x1536.jpeg 2048w\" sizes=\"auto, (max-width: 1024px) 100vw, 1024px\" \/><\/figure>\n<\/figure>\n","protected":false},"excerpt":{"rendered":"<p>Accueil de la MJC Dieuze D\u00e9couverte de la voile 31\/07\/2025 Nous avons accueilli la cellule animation familles de la Maison des Jeunes et de la Culture de Dieuze pour une journ\u00e9e de d\u00e9couverte du Lac Vert et des activit\u00e9s nautiques du club avec Sandra Thirion, encadrante, et ses coll\u00e8gues. Au programme catamaran, d\u00e9riveur, cano\u00eb, paddle, [&hellip;]<\/p>\n","protected":false},"author":1,"featured_media":0,"parent":0,"menu_order":0,"comment_status":"closed","ping_status":"closed","template":"","meta":{"footnotes":""},"class_list":["post-360","page","type-page","status-publish","hentry"],"_links":{"self":[{"href":"https:\/\/ycn54.fr\/index.php\/wp-json\/wp\/v2\/pages\/360","targetHints":{"allow":["GET"]}}],"collection":[{"href":"https:\/\/ycn54.fr\/index.php\/wp-json\/wp\/v2\/pages"}],"about":[{"href":"https:\/\/ycn54.fr\/index.php\/wp-json\/wp\/v2\/types\/page"}],"author":[{"embeddable":true,"href":"https:\/\/ycn54.fr\/index.php\/wp-json\/wp\/v2\/users\/1"}],"replies":[{"embeddable":true,"href":"https:\/\/ycn54.fr\/index.php\/wp-json\/wp\/v2\/comments?post=360"}],"version-history":[{"count":5,"href":"https:\/\/ycn54.fr\/index.php\/wp-json\/wp\/v2\/pages\/360\/revisions"}],"predecessor-version":[{"id":367,"href":"https:\/\/ycn54.fr\/index.php\/wp-json\/wp\/v2\/pages\/360\/revisions\/367"}],"wp:attachment":[{"href":"https:\/\/ycn54.fr\/index.php\/wp-json\/wp\/v2\/media?parent=360"}],"curies":[{"name":"wp","href":"https:\/\/api.w.org\/{rel}","templated":true}]}}