{"id":31,"date":"2025-07-07T10:00:24","date_gmt":"2025-07-07T10:00:24","guid":{"rendered":"https:\/\/ycn54.fr\/?page_id=31"},"modified":"2025-08-05T15:55:30","modified_gmt":"2025-08-05T15:55:30","slug":"accueil","status":"publish","type":"page","link":"https:\/\/ycn54.fr\/","title":{"rendered":"Accueil"},"content":{"rendered":"\n<p>Site en construction , vous pouvez le visiter pendant les travaux <\/p>\n\n\n\n<div class=\"wp-block-cover alignfull is-light\" style=\"padding-top:4vw;padding-right:4vw;padding-bottom:4vw;padding-left:4vw;min-height:66vh;aspect-ratio:unset;\"><video class=\"wp-block-cover__video-background intrinsic-ignore\" autoplay muted loop playsinline src=\"https:\/\/ycn54.fr\/wp-content\/uploads\/2025\/08\/IMG_7962-1.mov\" data-object-fit=\"cover\"><\/video><span aria-hidden=\"true\" class=\"wp-block-cover__background has-black-background-color has-background-dim\"><\/span><div class=\"wp-block-cover__inner-container is-layout-flow wp-block-cover-is-layout-flow\">\n<div class=\"banderole-defilante\">\n  <p> \u26f5 Bienvenue amies et amis du d\u00e9riveur, du catamaran, du paddle, du cano\u00eb, du Wing Foil, de la planche &#8230; <\/p>\n<\/div>\n\n<style>\n.banderole-defilante {\n  width: 100%;\n  overflow: hidden;\n  background-color: transparent; \/* transparent *\/\n  color: #ffe;\n  font-size: 18px;\n  padding: 10px 0;\n}\n\n.banderole-defilante p {\n  display: inline-block;\n  white-space: nowrap;\n  animation: defilement 20s linear infinite;\n  padding-left: 100%;\n}\n\n@keyframes defilement {\n  0%   { transform: translateX(0); }\n  100% { transform: translateX(-100%); }\n}\n<\/style>\n\n\n\n<h1 class=\"wp-block-heading has-text-align-center has-base-2-color has-text-color has-link-color has-xx-large-font-size wp-elements-4fe9631fae0d6f245470104eff8b5746\">\n  Yachting Club de Nancy\n<\/h1>\n\n\n\n<p class=\"has-text-align-center has-base-2-color has-text-color has-link-color has-xx-large-font-size wp-elements-14a4c82c1f4beba67b97d9b2e831bfac\">La voile en Lorraine<\/p>\n\n\n\n<div class=\"banderole-defilante\">\n  <p> \u26f5 Rejoignez-nous sur le plan d&rsquo;eau de Mittersheim en face de l&rsquo;accueil du camping apr\u00e8s la digue! \ud83d\udd14<\/p>\n<\/div>\n\n<style>\n.banderole-defilante {\n  width: 100%;\n  overflow: hidden;\n  background-color: transparent; \/* transparent *\/\n  color: #fff;\n  font-size: 18px;\n  padding: 10px 0;\n}\n\n.banderole-defilante p {\n  display: inline-block;\n  white-space: nowrap;\n  animation: defilement 40s linear infinite;\n  padding-left: 100%;\n}\n\n@keyframes defilement {\n  0%   { transform: translateX(0); }\n  100% { transform: translateX(-100%); }\n}\n<\/style>\n<\/div><\/div>\n\n\n\n<div class=\"wp-block-group alignfull has-global-padding is-layout-constrained wp-container-core-group-is-layout-490fa1db wp-block-group-is-layout-constrained\" style=\"padding-top:var(--wp--preset--spacing--50);padding-right:var(--wp--preset--spacing--50);padding-bottom:var(--wp--preset--spacing--50);padding-left:var(--wp--preset--spacing--50)\">\n<figure class=\"wp-block-image alignwide size-full is-style-rounded is-style-rounded--1\"><img loading=\"lazy\" decoding=\"async\" width=\"2560\" height=\"1920\" src=\"https:\/\/ycn54.fr\/wp-content\/uploads\/2025\/07\/IMG_2676-1-scaled.jpg\" alt=\"\" class=\"wp-image-13\" srcset=\"https:\/\/ycn54.fr\/wp-content\/uploads\/2025\/07\/IMG_2676-1-scaled.jpg 2560w, https:\/\/ycn54.fr\/wp-content\/uploads\/2025\/07\/IMG_2676-1-300x225.jpg 300w, https:\/\/ycn54.fr\/wp-content\/uploads\/2025\/07\/IMG_2676-1-1024x768.jpg 1024w, https:\/\/ycn54.fr\/wp-content\/uploads\/2025\/07\/IMG_2676-1-768x576.jpg 768w, https:\/\/ycn54.fr\/wp-content\/uploads\/2025\/07\/IMG_2676-1-1536x1152.jpg 1536w, https:\/\/ycn54.fr\/wp-content\/uploads\/2025\/07\/IMG_2676-1-2048x1536.jpg 2048w\" sizes=\"auto, (max-width: 2560px) 100vw, 2560px\" \/><\/figure>\n<\/div>\n\n\n\n<div class=\"club-section\">\n  <h2>\u2728 Le Yachting Club de Nancy<\/h2>\n  <p>\n    Fond\u00e9 en 1957, bient\u00f4t 70 ans, le Yachting Club de Nancy (YCN54) est une association d\u00e9di\u00e9e \u00e0 la pratique de la voile sous toutes ses formes : loisir, initiation, perfectionnement et r\u00e9gate.\n  <\/p>\n  <p>\n    Bas\u00e9 \u00e0 l\u2019\u00e9tang de Mittersheim, au c\u0153ur du Parc naturel r\u00e9gional de Lorraine, le club propose un cadre naturel exceptionnel, propice \u00e0 l\u2019apprentissage comme \u00e0 la d\u00e9tente.\n  <\/p>\n\n  <div class=\"objectif-missions\">\n    <div class=\"bloc\">\n      <h3>\u26f5 Notre objectif <\/h3>\n      <p>Partager la passion de la voile dans une ambiance conviviale, pour tous les \u00e2ges et tous les niveaux.<\/p>\n    <\/div>\n    <div class=\"bloc\">\n      <h3>\ud83c\udfaf Nos missions<\/h3>\n      <ul>\n        <li>Initier les jeunes et les adultes \u00e0 la navigation \u00e0 voile<\/li>\n        <li>Offrir un acc\u00e8s r\u00e9gulier \u00e0 une flotte de d\u00e9riveurs et catamarans<\/li>\n        <li>Organiser des r\u00e9gates et \u00e9v\u00e9nements nautiques<\/li>\n        <li>Promouvoir les valeurs de respect, s\u00e9curit\u00e9 et \u00e9cologie<\/li>\n      <\/ul>\n    <\/div>\n    <div class=\"bloc\">\n      <h3>\ud83e\udd1d Encadrement &#038; b\u00e9n\u00e9volat<\/h3>\n      <p>Le club est anim\u00e9 par des b\u00e9n\u00e9voles passionn\u00e9s, encadrants dipl\u00f4m\u00e9s et membres actifs. L\u2019ambiance familiale et l\u2019entraide sont au c\u0153ur de notre fonctionnement.<\/p>\n    <\/div>\n  <\/div>\n<\/div>\n\n\n\n<div class=\"banderole-defilante\">\n  <p> \u26f5\u26f5                          \u26f5       \u26f5  \u26f5 <\/p>\n<\/div>\n\n<style>\n.banderole-defilante {\n  width: 100%;\n  overflow: hidden;\n  background-color: transparent; \/* transparent *\/\n  color: #ffe;\n  font-size: 18px;\n  padding: 10px 0;\n}\n\n.banderole-defilante p {\n  display: inline-block;\n  white-space: nowrap;\n  animation: defilement 20s linear infinite;\n  padding-left: 100%;\n}\n\n@keyframes defilement {\n  0%   { transform: translateX(0); }\n  100% { transform: translateX(-100%); }\n}\n<\/style>\n","protected":false},"excerpt":{"rendered":"<p>Site en construction , vous pouvez le visiter pendant les travaux \u2728 Le Yachting Club de Nancy Fond\u00e9 en 1957, bient\u00f4t 70 ans, le Yachting Club de Nancy (YCN54) est une association d\u00e9di\u00e9e \u00e0 la pratique de la voile sous toutes ses formes : loisir, initiation, perfectionnement et r\u00e9gate. Bas\u00e9 \u00e0 l\u2019\u00e9tang de Mittersheim, au [&hellip;]<\/p>\n","protected":false},"author":1,"featured_media":0,"parent":0,"menu_order":0,"comment_status":"closed","ping_status":"closed","template":"","meta":{"footnotes":""},"class_list":["post-31","page","type-page","status-publish","hentry"],"_links":{"self":[{"href":"https:\/\/ycn54.fr\/index.php\/wp-json\/wp\/v2\/pages\/31","targetHints":{"allow":["GET"]}}],"collection":[{"href":"https:\/\/ycn54.fr\/index.php\/wp-json\/wp\/v2\/pages"}],"about":[{"href":"https:\/\/ycn54.fr\/index.php\/wp-json\/wp\/v2\/types\/page"}],"author":[{"embeddable":true,"href":"https:\/\/ycn54.fr\/index.php\/wp-json\/wp\/v2\/users\/1"}],"replies":[{"embeddable":true,"href":"https:\/\/ycn54.fr\/index.php\/wp-json\/wp\/v2\/comments?post=31"}],"version-history":[{"count":44,"href":"https:\/\/ycn54.fr\/index.php\/wp-json\/wp\/v2\/pages\/31\/revisions"}],"predecessor-version":[{"id":435,"href":"https:\/\/ycn54.fr\/index.php\/wp-json\/wp\/v2\/pages\/31\/revisions\/435"}],"wp:attachment":[{"href":"https:\/\/ycn54.fr\/index.php\/wp-json\/wp\/v2\/media?parent=31"}],"curies":[{"name":"wp","href":"https:\/\/api.w.org\/{rel}","templated":true}]}}