{"id":232,"date":"2025-07-10T01:38:22","date_gmt":"2025-07-10T01:38:22","guid":{"rendered":"https:\/\/ycn54.fr\/?page_id=232"},"modified":"2025-07-10T02:00:17","modified_gmt":"2025-07-10T02:00:17","slug":"regates","status":"publish","type":"page","link":"https:\/\/ycn54.fr\/index.php\/regates\/","title":{"rendered":"R\u00e9gates"},"content":{"rendered":"\n<p class=\"has-text-align-center\">R\u00e9gates du 7-8 juin 2025 <strong>Coupe du CDV54 <\/strong><\/p>\n\n\n\n<div style=\"text-align: center; padding-bottom: 15px;\">\n  <a href=\"https:\/\/www.facebook.com\/ycn.lavoileenlorraine\/posts\/pfbid0cAYfKWLng5edcQKbqk6LBVRCiqmZBnjUpyVDbn87MD84sEL9G2Fmx8dn7aXrDXTDl\" \n     target=\"_blank\" \n     style=\"font-weight: bold; color: #1877f2; text-decoration: none;\">\n    \ud83d\udd17 Voir la publication compl\u00e8te sur Facebook\n  <\/a>\n<\/div>\n\n<div style=\"display: flex; justify-content: center; padding: 30px 0;\">\n  <iframe loading=\"lazy\" \n    src=\"https:\/\/www.facebook.com\/plugins\/post.php?href=https%3A%2F%2Fwww.facebook.com%2Fycn.lavoileenlorraine%2Fposts%2Fpfbid0cAYfKWLng5edcQKbqk6LBVRCiqmZBnjUpyVDbn87MD84sEL9G2Fmx8dn7aXrDXTDl&#038;show_text=true&#038;width=500\" \n    width=\"500\" \n    height=\"581\" \n    style=\"border:none; overflow:hidden;\" \n    scrolling=\"no\" \n    frameborder=\"0\" \n    allowfullscreen=\"true\" \n    allow=\"autoplay; clipboard-write; encrypted-media; picture-in-picture; web-share\">\n  <\/iframe>\n<\/div>\n\n\n\n<p class=\"has-text-align-center\">R\u00e9gate du N\u00e9o \u00e0 Brest : vainqueur !<\/p>\n\n\n\n<div style=\"text-align: center; padding-bottom: 15px;\">\n  <a href=\"https:\/\/www.facebook.com\/ycn.lavoileenlorraine\/posts\/pfbid02YBnVRHKwSQub6R2LdmQWFZTkxwZB7SUW3T2Yo6P3SqAZYn2LAnMbScHdPdAqe5pJl\" \n     target=\"_blank\" \n     style=\"font-weight: bold; color: #1877f2; text-decoration: none;\">\n    \ud83d\udd17 Voir la publication compl\u00e8te sur Facebook\n  <\/a>\n<\/div>\n\n<div style=\"display: flex; justify-content: center;\">\n  <iframe loading=\"lazy\" \n    src=\"https:\/\/www.facebook.com\/plugins\/post.php?href=https%3A%2F%2Fwww.facebook.com%2Fycn.lavoileenlorraine%2Fposts%2Fpfbid02YBnVRHKwSQub6R2LdmQWFZTkxwZB7SUW3T2Yo6P3SqAZYn2LAnMbScHdPdAqe5pJl&#038;show_text=true&#038;width=500\" \n    width=\"500\" \n    height=\"628\" \n    style=\"border:none; overflow:hidden;\" \n    scrolling=\"no\" \n    frameborder=\"0\" \n    allowfullscreen=\"true\" \n    allow=\"autoplay; clipboard-write; encrypted-media; picture-in-picture; web-share\">\n  <\/iframe>\n<\/div>\n\n\n\n<p class=\"has-text-align-center\">Eissregata <\/p>\n\n\n\n<div style=\"text-align: center; padding-bottom: 15px;\">\n  <a href=\"https:\/\/www.facebook.com\/ycn.lavoileenlorraine\/posts\/pfbid0ayXTPRMDwoxDANj7yEBDUuiL1WBc5FSuxs1FXJbSFnSASGLuWdQz7VqF24k2xEVNl\" target=\"_blank\" style=\"font-weight: bold; color: #1877f2; text-decoration: none;\">\n    \ud83d\udd17 Voir la publication compl\u00e8te sur Facebook\n  <\/a>\n<\/div>\n\n<div style=\"display: flex; justify-content: center;\">\n  <iframe loading=\"lazy\" \n    src=\"https:\/\/www.facebook.com\/plugins\/post.php?href=https%3A%2F%2Fwww.facebook.com%2Fycn.lavoileenlorraine%2Fposts%2Fpfbid0ayXTPRMDwoxDANj7yEBDUuiL1WBc5FSuxs1FXJbSFnSASGLuWdQz7VqF24k2xEVNl&#038;show_text=true&#038;width=500\" \n    width=\"500\" \n    height=\"638\" \n    style=\"border:none; overflow:hidden;\" \n    scrolling=\"no\" \n    frameborder=\"0\" \n    allowfullscreen=\"true\" \n    allow=\"autoplay; clipboard-write; encrypted-media; picture-in-picture; web-share\">\n  <\/iframe>\n<\/div>\n","protected":false},"excerpt":{"rendered":"<p>R\u00e9gates du 7-8 juin 2025 Coupe du CDV54 \ud83d\udd17 Voir la publication compl\u00e8te sur Facebook R\u00e9gate du N\u00e9o \u00e0 Brest : vainqueur ! \ud83d\udd17 Voir la publication compl\u00e8te sur Facebook Eissregata \ud83d\udd17 Voir la publication compl\u00e8te sur Facebook<\/p>\n","protected":false},"author":1,"featured_media":0,"parent":0,"menu_order":0,"comment_status":"closed","ping_status":"closed","template":"","meta":{"footnotes":""},"class_list":["post-232","page","type-page","status-publish","hentry"],"_links":{"self":[{"href":"https:\/\/ycn54.fr\/index.php\/wp-json\/wp\/v2\/pages\/232","targetHints":{"allow":["GET"]}}],"collection":[{"href":"https:\/\/ycn54.fr\/index.php\/wp-json\/wp\/v2\/pages"}],"about":[{"href":"https:\/\/ycn54.fr\/index.php\/wp-json\/wp\/v2\/types\/page"}],"author":[{"embeddable":true,"href":"https:\/\/ycn54.fr\/index.php\/wp-json\/wp\/v2\/users\/1"}],"replies":[{"embeddable":true,"href":"https:\/\/ycn54.fr\/index.php\/wp-json\/wp\/v2\/comments?post=232"}],"version-history":[{"count":7,"href":"https:\/\/ycn54.fr\/index.php\/wp-json\/wp\/v2\/pages\/232\/revisions"}],"predecessor-version":[{"id":244,"href":"https:\/\/ycn54.fr\/index.php\/wp-json\/wp\/v2\/pages\/232\/revisions\/244"}],"wp:attachment":[{"href":"https:\/\/ycn54.fr\/index.php\/wp-json\/wp\/v2\/media?parent=232"}],"curies":[{"name":"wp","href":"https:\/\/api.w.org\/{rel}","templated":true}]}}