{"id":203,"date":"2025-07-10T01:01:27","date_gmt":"2025-07-10T01:01:27","guid":{"rendered":"https:\/\/ycn54.fr\/?page_id=203"},"modified":"2025-07-10T01:45:24","modified_gmt":"2025-07-10T01:45:24","slug":"neo","status":"publish","type":"page","link":"https:\/\/ycn54.fr\/index.php\/neo\/","title":{"rendered":"N\u00e9o"},"content":{"rendered":"\n<p>8 juin 2025 : Le n\u00e9o 495 est de retour au YCN apr\u00e8s sa 1ere place au Grand Prix de l&rsquo;\u00e9cole Navale \u00e0 Brest.<\/p>\n\n\n\n<p>Merci \u00e0 <a href=\"https:\/\/www.facebook.com\/hdvbrest?__cft__[0]=AZUMQlEGmd8m1cnghj3TdpYx-fpMYu8BrZVQeI9prgsl9REAsWWseSHYOWYT6egs7m7hKBMplab-ChdblF2TCjmC18G_TzLRDoiKsyEAa7IN7Q&amp;__tn__=-]K-R\">Handivoile<\/a> Brest et \u00e0 la <a href=\"https:\/\/www.facebook.com\/ClassNeo495Asso?__cft__[0]=AZUMQlEGmd8m1cnghj3TdpYx-fpMYu8BrZVQeI9prgsl9REAsWWseSHYOWYT6egs7m7hKBMplab-ChdblF2TCjmC18G_TzLRDoiKsyEAa7IN7Q&amp;__tn__=-]K-R\">ClassNeo Asso<\/a> pour cette belle comp\u00e9tition.<\/p>\n\n\n\n<div style=\"text-align: center; padding-bottom: 15px;\">\n  <a href=\"https:\/\/www.facebook.com\/ycn.lavoileenlorraine\/posts\/pfbid02YBnVRHKwSQub6R2LdmQWFZTkxwZB7SUW3T2Yo6P3SqAZYn2LAnMbScHdPdAqe5pJl\" \n     target=\"_blank\" \n     style=\"font-weight: bold; color: #1877f2; text-decoration: none;\">\n    \ud83d\udd17 Voir la publication compl\u00e8te sur Facebook\n  <\/a>\n<\/div>\n\n<div style=\"display: flex; justify-content: center;\">\n  <iframe loading=\"lazy\" \n    src=\"https:\/\/www.facebook.com\/plugins\/post.php?href=https%3A%2F%2Fwww.facebook.com%2Fycn.lavoileenlorraine%2Fposts%2Fpfbid02YBnVRHKwSQub6R2LdmQWFZTkxwZB7SUW3T2Yo6P3SqAZYn2LAnMbScHdPdAqe5pJl&#038;show_text=true&#038;width=500\" \n    width=\"500\" \n    height=\"628\" \n    style=\"border:none; overflow:hidden;\" \n    scrolling=\"no\" \n    frameborder=\"0\" \n    allowfullscreen=\"true\" \n    allow=\"autoplay; clipboard-write; encrypted-media; picture-in-picture; web-share\">\n  <\/iframe>\n<\/div>\n\n","protected":false},"excerpt":{"rendered":"<p>8 juin 2025 : Le n\u00e9o 495 est de retour au YCN apr\u00e8s sa 1ere place au Grand Prix de l&rsquo;\u00e9cole Navale \u00e0 Brest. Merci \u00e0 Handivoile Brest et \u00e0 la ClassNeo Asso pour cette belle comp\u00e9tition. \ud83d\udd17 Voir la publication compl\u00e8te sur Facebook<\/p>\n","protected":false},"author":1,"featured_media":204,"parent":0,"menu_order":0,"comment_status":"closed","ping_status":"closed","template":"","meta":{"footnotes":""},"class_list":["post-203","page","type-page","status-publish","has-post-thumbnail","hentry"],"_links":{"self":[{"href":"https:\/\/ycn54.fr\/index.php\/wp-json\/wp\/v2\/pages\/203","targetHints":{"allow":["GET"]}}],"collection":[{"href":"https:\/\/ycn54.fr\/index.php\/wp-json\/wp\/v2\/pages"}],"about":[{"href":"https:\/\/ycn54.fr\/index.php\/wp-json\/wp\/v2\/types\/page"}],"author":[{"embeddable":true,"href":"https:\/\/ycn54.fr\/index.php\/wp-json\/wp\/v2\/users\/1"}],"replies":[{"embeddable":true,"href":"https:\/\/ycn54.fr\/index.php\/wp-json\/wp\/v2\/comments?post=203"}],"version-history":[{"count":5,"href":"https:\/\/ycn54.fr\/index.php\/wp-json\/wp\/v2\/pages\/203\/revisions"}],"predecessor-version":[{"id":238,"href":"https:\/\/ycn54.fr\/index.php\/wp-json\/wp\/v2\/pages\/203\/revisions\/238"}],"wp:featuredmedia":[{"embeddable":true,"href":"https:\/\/ycn54.fr\/index.php\/wp-json\/wp\/v2\/media\/204"}],"wp:attachment":[{"href":"https:\/\/ycn54.fr\/index.php\/wp-json\/wp\/v2\/media?parent=203"}],"curies":[{"name":"wp","href":"https:\/\/api.w.org\/{rel}","templated":true}]}}