{"id":172,"date":"2025-07-09T12:22:00","date_gmt":"2025-07-09T12:22:00","guid":{"rendered":"https:\/\/ycn54.fr\/?page_id=172"},"modified":"2025-08-02T07:16:33","modified_gmt":"2025-08-02T07:16:33","slug":"carte","status":"publish","type":"page","link":"https:\/\/ycn54.fr\/index.php\/carte\/","title":{"rendered":"Acc\u00e8s"},"content":{"rendered":"\n<p class=\"has-text-align-center\">Contact mail : <a href=\"mailto:c.peccard@free.fr\">c.peccard@free.fr<\/a><\/p>\n\n\n\n<p class=\"has-text-align-center\">Pour vous rendre au club :<\/p>\n\n\n\n<p class=\"has-text-align-center\">33 rue de la plage \u00e0 Mittersheim, <\/p>\n\n\n\n<p class=\"has-text-align-center\">en face de l&rsquo;accueil apr\u00e8s la digue et la barri\u00e8re <\/p>\n\n\n\n<p class=\"has-text-align-center\"><em>(l&rsquo;entr\u00e9e du complexe est payant si hors club de voile, si il n&rsquo;y a personne \u00e0 la barri\u00e8re on peut sonner.)<\/em><\/p>\n\n\n\n<figure class=\"wp-block-image size-large\"><img loading=\"lazy\" decoding=\"async\" width=\"1024\" height=\"645\" src=\"https:\/\/ycn54.fr\/wp-content\/uploads\/2025\/07\/Capture-decran-2025-07-29-a-10.37.57-1024x645.png\" alt=\"\" class=\"wp-image-329\" srcset=\"https:\/\/ycn54.fr\/wp-content\/uploads\/2025\/07\/Capture-decran-2025-07-29-a-10.37.57-1024x645.png 1024w, https:\/\/ycn54.fr\/wp-content\/uploads\/2025\/07\/Capture-decran-2025-07-29-a-10.37.57-300x189.png 300w, https:\/\/ycn54.fr\/wp-content\/uploads\/2025\/07\/Capture-decran-2025-07-29-a-10.37.57-768x484.png 768w, https:\/\/ycn54.fr\/wp-content\/uploads\/2025\/07\/Capture-decran-2025-07-29-a-10.37.57-1536x968.png 1536w, https:\/\/ycn54.fr\/wp-content\/uploads\/2025\/07\/Capture-decran-2025-07-29-a-10.37.57-2048x1290.png 2048w\" sizes=\"auto, (max-width: 1024px) 100vw, 1024px\" \/><\/figure>\n\n\n\n<p><\/p>\n\n\n\n<div style=\"display: flex; justify-content: center; align-items: center; width: 100%;\">\n  <iframe \n    src=\"https:\/\/www.google.com\/maps\/embed?pb=!1m18!1m12!1m3!1d3837.2516126572166!2d6.938918514620177!3d48.854884107497026!2m3!1f0!2f0!3f0!3m2!1i1024!2i768!4f13.1!3m3!1m2!1s0x4794419b9513fcdf%3A0x2d9f790d438f0a59!2sBase%20de%20loisirs%20du%20lac%20vert!5e0!3m2!1sfr!2sfr!4v1721838100265!5m2!1sfr!2sfr\" \n    width=\"100%\" \n    height=\"450\" \n    style=\"border:0;\" \n    allowfullscreen=\"\" \n    loading=\"lazy\" \n    referrerpolicy=\"no-referrer-when-downgrade\">\n  <\/iframe>\n<\/div>\n","protected":false},"excerpt":{"rendered":"<p>Contact mail : c.peccard@free.fr Pour vous rendre au club : 33 rue de la plage \u00e0 Mittersheim, en face de l&rsquo;accueil apr\u00e8s la digue et la barri\u00e8re (l&rsquo;entr\u00e9e du complexe est payant si hors club de voile, si il n&rsquo;y a personne \u00e0 la barri\u00e8re on peut sonner.)<\/p>\n","protected":false},"author":1,"featured_media":0,"parent":0,"menu_order":0,"comment_status":"closed","ping_status":"closed","template":"","meta":{"footnotes":""},"class_list":["post-172","page","type-page","status-publish","hentry"],"_links":{"self":[{"href":"https:\/\/ycn54.fr\/index.php\/wp-json\/wp\/v2\/pages\/172","targetHints":{"allow":["GET"]}}],"collection":[{"href":"https:\/\/ycn54.fr\/index.php\/wp-json\/wp\/v2\/pages"}],"about":[{"href":"https:\/\/ycn54.fr\/index.php\/wp-json\/wp\/v2\/types\/page"}],"author":[{"embeddable":true,"href":"https:\/\/ycn54.fr\/index.php\/wp-json\/wp\/v2\/users\/1"}],"replies":[{"embeddable":true,"href":"https:\/\/ycn54.fr\/index.php\/wp-json\/wp\/v2\/comments?post=172"}],"version-history":[{"count":20,"href":"https:\/\/ycn54.fr\/index.php\/wp-json\/wp\/v2\/pages\/172\/revisions"}],"predecessor-version":[{"id":334,"href":"https:\/\/ycn54.fr\/index.php\/wp-json\/wp\/v2\/pages\/172\/revisions\/334"}],"wp:attachment":[{"href":"https:\/\/ycn54.fr\/index.php\/wp-json\/wp\/v2\/media?parent=172"}],"curies":[{"name":"wp","href":"https:\/\/api.w.org\/{rel}","templated":true}]}}