{"id":104,"date":"2025-07-08T10:09:47","date_gmt":"2025-07-08T10:09:47","guid":{"rendered":"https:\/\/ycn54.fr\/?page_id=104"},"modified":"2025-07-08T10:18:33","modified_gmt":"2025-07-08T10:18:33","slug":"handivoile","status":"publish","type":"page","link":"https:\/\/ycn54.fr\/index.php\/handivoile\/","title":{"rendered":"Handivoile"},"content":{"rendered":"\n<p>\u267f Handivoile au YCN54 : la voile pour tous<\/p>\n\n\n\n<p>Au&nbsp;<strong>Yacht Club de Nancy 54<\/strong>, nous croyons que&nbsp;<strong>la voile doit \u00eatre accessible \u00e0 chacun<\/strong>, quels que soient les handicaps ou les limitations physiques.<br>C\u2019est dans cet esprit que nous avons lanc\u00e9 une section&nbsp;<strong>handivoile<\/strong>, ouverte \u00e0 tous les publics en situation de handicap, d\u00e9sireux de d\u00e9couvrir ou de pratiquer la voile dans un cadre s\u00e9curis\u00e9, bienveillant et adapt\u00e9.<\/p>\n\n\n\n<p><span style=\"white-space: normal; caret-color: rgb(0, 0, 0); color: rgb(0, 0, 0); font-size: medium;\">\u2705 Une pratique encadr\u00e9e, inclusive et motivante<\/span><\/p>\n\n\n\n<p>Notre d\u00e9marche repose sur plusieurs piliers :<\/p>\n\n\n\n<ul class=\"wp-block-list\">\n<li>\ud83d\udef6&nbsp;<strong>Un mat\u00e9riel adapt\u00e9<\/strong>, avec des embarcations stables et des bou\u00e9es sonores pour permettre une navigation autonome en toute s\u00e9curit\u00e9.<\/li>\n\n\n\n<li>\ud83d\udc65&nbsp;<strong>Un encadrement form\u00e9<\/strong>, bienveillant et attentif, capable de s\u2019adapter aux besoins de chacun.<\/li>\n\n\n\n<li>\ud83e\udd1d&nbsp;<strong>Une ambiance conviviale et inclusive<\/strong>, o\u00f9 l\u2019on progresse \u00e0 son rythme dans le respect et le plaisir partag\u00e9<\/li>\n<\/ul>\n\n\n\n<p>\ud83c\udfaf Pour qui ?<\/p>\n\n\n\n<p>La section&nbsp;<strong>handivoile<\/strong>&nbsp;s\u2019adresse \u00e0 :<\/p>\n\n\n\n<ul class=\"wp-block-list\">\n<li>Toute personne en situation de handicap moteur, sensoriel ou mental.<\/li>\n\n\n\n<li>Les structures sp\u00e9cialis\u00e9es souhaitant proposer une activit\u00e9 nautique.<\/li>\n\n\n\n<li>Les proches ou aidants d\u00e9sirant accompagner une pratique partag\u00e9e.<\/li>\n<\/ul>\n\n\n\n<p>\ud83d\udccd O\u00f9 et comment ?<\/p>\n\n\n\n<p>Les s\u00e9ances se d\u00e9roulent sur notre base nautique habituelle, dans un environnement naturel accessible et s\u00e9curis\u00e9.<br>Des sorties d\u2019initiation, des sessions de perfectionnement ou simplement des balades sur l\u2019eau sont propos\u00e9es selon les envies et les niveaux.<\/p>\n\n\n\n<p>\ud83d\udcf8 Suivez nos avanc\u00e9es<\/p>\n\n\n\n<p>Le projet \u00e9volue constamment. Des bou\u00e9es sonores, des adaptations techniques, des partenariats locaux\u2026<\/p>\n\n\n\n<p>\ud83d\udc49&nbsp;<strong>Des photos et vid\u00e9os seront bient\u00f4t publi\u00e9es pour vous faire d\u00e9couvrir cette belle aventure.<\/strong><\/p>\n\n\n\n<hr class=\"wp-block-separator has-alpha-channel-opacity\"\/>\n\n\n\n<p><strong>\u27a1\ufe0f Contactez-nous<\/strong>&nbsp;pour plus d&rsquo;informations ou pour participer<\/p>\n\n\n\n<figure class=\"wp-block-image size-large\"><img loading=\"lazy\" decoding=\"async\" width=\"1024\" height=\"768\" src=\"https:\/\/ycn54.fr\/wp-content\/uploads\/2025\/07\/488564550_2815779528614672_1332936569317047489_n-1024x768.jpg\" alt=\"\" class=\"wp-image-112\" srcset=\"https:\/\/ycn54.fr\/wp-content\/uploads\/2025\/07\/488564550_2815779528614672_1332936569317047489_n-1024x768.jpg 1024w, https:\/\/ycn54.fr\/wp-content\/uploads\/2025\/07\/488564550_2815779528614672_1332936569317047489_n-300x225.jpg 300w, https:\/\/ycn54.fr\/wp-content\/uploads\/2025\/07\/488564550_2815779528614672_1332936569317047489_n-768x576.jpg 768w, https:\/\/ycn54.fr\/wp-content\/uploads\/2025\/07\/488564550_2815779528614672_1332936569317047489_n-1536x1152.jpg 1536w, https:\/\/ycn54.fr\/wp-content\/uploads\/2025\/07\/488564550_2815779528614672_1332936569317047489_n.jpg 2048w\" sizes=\"auto, (max-width: 1024px) 100vw, 1024px\" \/><\/figure>\n","protected":false},"excerpt":{"rendered":"<p>\u267f Handivoile au YCN54 : la voile pour tous Au&nbsp;Yacht Club de Nancy 54, nous croyons que&nbsp;la voile doit \u00eatre accessible \u00e0 chacun, quels que soient les handicaps ou les limitations physiques.C\u2019est dans cet esprit que nous avons lanc\u00e9 une section&nbsp;handivoile, ouverte \u00e0 tous les publics en situation de handicap, d\u00e9sireux de d\u00e9couvrir ou de [&hellip;]<\/p>\n","protected":false},"author":1,"featured_media":91,"parent":0,"menu_order":0,"comment_status":"closed","ping_status":"closed","template":"","meta":{"footnotes":""},"class_list":["post-104","page","type-page","status-publish","has-post-thumbnail","hentry"],"_links":{"self":[{"href":"https:\/\/ycn54.fr\/index.php\/wp-json\/wp\/v2\/pages\/104","targetHints":{"allow":["GET"]}}],"collection":[{"href":"https:\/\/ycn54.fr\/index.php\/wp-json\/wp\/v2\/pages"}],"about":[{"href":"https:\/\/ycn54.fr\/index.php\/wp-json\/wp\/v2\/types\/page"}],"author":[{"embeddable":true,"href":"https:\/\/ycn54.fr\/index.php\/wp-json\/wp\/v2\/users\/1"}],"replies":[{"embeddable":true,"href":"https:\/\/ycn54.fr\/index.php\/wp-json\/wp\/v2\/comments?post=104"}],"version-history":[{"count":4,"href":"https:\/\/ycn54.fr\/index.php\/wp-json\/wp\/v2\/pages\/104\/revisions"}],"predecessor-version":[{"id":113,"href":"https:\/\/ycn54.fr\/index.php\/wp-json\/wp\/v2\/pages\/104\/revisions\/113"}],"wp:featuredmedia":[{"embeddable":true,"href":"https:\/\/ycn54.fr\/index.php\/wp-json\/wp\/v2\/media\/91"}],"wp:attachment":[{"href":"https:\/\/ycn54.fr\/index.php\/wp-json\/wp\/v2\/media?parent=104"}],"curies":[{"name":"wp","href":"https:\/\/api.w.org\/{rel}","templated":true}]}}